{"id":1576,"date":"2020-11-18T15:39:44","date_gmt":"2020-11-18T14:39:44","guid":{"rendered":"https:\/\/prod.belair-iledere.fr\/contact\/"},"modified":"2025-11-05T21:31:57","modified_gmt":"2025-11-05T20:31:57","slug":"contact","status":"publish","type":"page","link":"https:\/\/www.belair-iledere.fr\/en\/contact\/","title":{"rendered":"Contact"},"content":{"rendered":"<div id='av_section_1'  class='avia-section av-khopf29e-961df3e541cc0015022c79dd369de2ef main_color avia-section-default avia-no-border-styling  avia-builder-el-0  el_before_av_layout_row  avia-builder-el-first  avia-bg-style-fixed av-minimum-height av-minimum-height-75 av-height-75  container_wrap fullsize'   data-av_minimum_height_pc='75' data-av_min_height_opt='75'><div class='container av-section-cont-open' ><main  role=\"main\" itemprop=\"mainContentOfPage\"  class='template-page content  av-content-full alpha units'><div class='post-entry post-entry-type-page post-entry-1576'><div class='entry-content-wrapper clearfix'>\n\n<style type=\"text\/css\" data-created_by=\"avia_inline_auto\" id=\"style-css-av-qbb6-e8398c9355b21e8031ef7874fbc07cdc\">\n.flex_column.av-qbb6-e8398c9355b21e8031ef7874fbc07cdc{\nborder-radius:0px 0px 0px 0px;\npadding:0px 0px 0px 0px;\nbackground:url(https:\/\/www.belair-iledere.fr\/wp-content\/uploads\/2020\/11\/villa-belair-cuisine-2.jpg) 50% 50% no-repeat scroll ;\n}\n<\/style>\n<div  class='flex_column av-qbb6-e8398c9355b21e8031ef7874fbc07cdc av_one_full  avia-builder-el-1  el_before_av_hr  avia-builder-el-first  sand-shadow first flex_column_div av-animated-generic bottom-to-top av-zero-column-padding avia-full-stretch  '     ><style type=\"text\/css\" data-created_by=\"avia_inline_auto\" id=\"style-css-av-klc6540e-adf7ae5ca22ad471cfdafc3eee58bddd\">\n#top .av-special-heading.av-klc6540e-adf7ae5ca22ad471cfdafc3eee58bddd{\nmargin:25% 0 25% 0;\npadding-bottom:0;\ncolor:#ffffff;\nfont-size:90px;\n}\nbody .av-special-heading.av-klc6540e-adf7ae5ca22ad471cfdafc3eee58bddd .av-special-heading-tag .heading-char{\nfont-size:25px;\n}\n#top #wrap_all .av-special-heading.av-klc6540e-adf7ae5ca22ad471cfdafc3eee58bddd .av-special-heading-tag{\nfont-size:90px;\n}\n.av-special-heading.av-klc6540e-adf7ae5ca22ad471cfdafc3eee58bddd .special-heading-inner-border{\nborder-color:#ffffff;\n}\n.av-special-heading.av-klc6540e-adf7ae5ca22ad471cfdafc3eee58bddd .av-subheading{\nfont-size:15px;\n}\n\n@media only screen and (max-width: 479px){ \n#top #wrap_all .av-special-heading.av-klc6540e-adf7ae5ca22ad471cfdafc3eee58bddd .av-special-heading-tag{\npadding:60% 0 60% 0;\nfont-size:0.8em;\n}\n}\n\n@media only screen and (min-width: 480px) and (max-width: 767px){ \n#top #wrap_all .av-special-heading.av-klc6540e-adf7ae5ca22ad471cfdafc3eee58bddd .av-special-heading-tag{\nfont-size:0.8em;\n}\n}\n<\/style>\n<div  class='av-special-heading av-klc6540e-adf7ae5ca22ad471cfdafc3eee58bddd av-special-heading-h1 custom-color-heading blockquote modern-quote modern-centered  avia-builder-el-2  avia-builder-el-no-sibling  flex_column av_one_full av-animated-generic bottom-to-top avia-full-stretch flex_column_div av-zero-column-padding first avia-builder-el-1 avia-builder-el-no-sibling sand-shadow avia_start_animation avia_start_delayed_animation av-inherit-size'><h1 class='av-special-heading-tag '  itemprop=\"headline\"  >Contact us<\/h1><div class=\"special-heading-border\"><div class=\"special-heading-inner-border\"><\/div><\/div><\/div><\/div>\n<style type=\"text\/css\" data-created_by=\"avia_inline_auto\" id=\"style-css-av-kiu4j0y5-6a5c12ac67dc7bb3f020398a9c85b97e\">\n#top .hr.hr-invisible.av-kiu4j0y5-6a5c12ac67dc7bb3f020398a9c85b97e{\nheight:50px;\n}\n<\/style>\n<div  class='hr av-kiu4j0y5-6a5c12ac67dc7bb3f020398a9c85b97e hr-invisible  avia-builder-el-3  el_after_av_one_full  avia-builder-el-last '><span class='hr-inner '><span class=\"hr-inner-style\"><\/span><\/span><\/div>\n<\/div><\/div><\/main><!-- close content main element --><\/div><\/div><div id='av-layout-grid-1'  class='av-layout-grid-container av-khopw8qe-67712c9d2aa94ff6d7c6cac50bb6ce55 entry-content-wrapper main_color av-flex-cells av-break-at-tablet  avia-builder-el-4  el_after_av_section  el_before_av_layout_row  av-cell-min-height av-cell-min-height-25 grid-row-not-first  container_wrap fullsize'   data-av_minimum_height_pc='25'>\n\n<style type=\"text\/css\" data-created_by=\"avia_inline_auto\" id=\"style-css-av-khopw1a4-7461208f1709805a545f1916afdbfa09\">\n.flex_cell.av-khopw1a4-7461208f1709805a545f1916afdbfa09{\nvertical-align:middle;\nbackground-color:#f8f7f7;\n}\n.responsive #top #wrap_all .flex_cell.av-khopw1a4-7461208f1709805a545f1916afdbfa09{\npadding:60px 30px 60px 30px !important;\n}\n<\/style>\n<div class='flex_cell av-khopw1a4-7461208f1709805a545f1916afdbfa09 av-gridrow-cell av_two_fifth no_margin  avia-builder-el-5  el_before_av_cell_three_fifth  avia-builder-el-first  content-align-middle'  ><div class='flex_cell_inner'>\n<style type=\"text\/css\" data-created_by=\"avia_inline_auto\" id=\"style-css-av-kiu2r2q5-34e52277309d27f610dbceac251f6a92\">\n.flex_column.av-kiu2r2q5-34e52277309d27f610dbceac251f6a92{\nborder-radius:0px 0px 0px 0px;\npadding:0px 0px 0px 0px;\n}\n<\/style>\n<div  class='flex_column av-kiu2r2q5-34e52277309d27f610dbceac251f6a92 av_one_full  avia-builder-el-6  avia-builder-el-no-sibling  first flex_column_div av-animated-generic left-to-right av-zero-column-padding  '     ><p>\n<style type=\"text\/css\" data-created_by=\"avia_inline_auto\" id=\"style-css-av-khqe9abj-229cedd2b0964f2036b58066830b5ca0\">\n.av_font_icon.av-khqe9abj-229cedd2b0964f2036b58066830b5ca0{\ncolor:#c9a96a;\nborder-color:#c9a96a;\n}\n.avia-svg-icon.av-khqe9abj-229cedd2b0964f2036b58066830b5ca0 svg:first-child{\nstroke:#c9a96a;\nfill:#c9a96a;\n}\n.av_font_icon.av-khqe9abj-229cedd2b0964f2036b58066830b5ca0 .av-icon-char{\nfont-size:40px;\nline-height:40px;\n}\n<\/style>\n<span  class='av_font_icon av-khqe9abj-229cedd2b0964f2036b58066830b5ca0 avia_animate_when_visible av-icon-style- avia-icon-pos-center avia-iconfont avia-font-flaticon avia-icon-animate'><span class='av-icon-char' data-av_icon='\uf118' data-av_iconfont='flaticon' aria-hidden=\"true\" ><\/span><\/span><br \/>\n\n<style type=\"text\/css\" data-created_by=\"avia_inline_auto\" id=\"style-css-av-klc65i0f-42e858d711456db67a177f9cc03dd62e\">\n#top .av-special-heading.av-klc65i0f-42e858d711456db67a177f9cc03dd62e{\nmargin:10px 0 0 0;\npadding-bottom:20px;\nfont-size:40px;\n}\nbody .av-special-heading.av-klc65i0f-42e858d711456db67a177f9cc03dd62e .av-special-heading-tag .heading-char{\nfont-size:25px;\n}\n#top #wrap_all .av-special-heading.av-klc65i0f-42e858d711456db67a177f9cc03dd62e .av-special-heading-tag{\nfont-size:40px;\n}\n.av-special-heading.av-klc65i0f-42e858d711456db67a177f9cc03dd62e .av-subheading{\nfont-size:15px;\n}\n\n@media only screen and (min-width: 480px) and (max-width: 767px){ \n#top #wrap_all .av-special-heading.av-klc65i0f-42e858d711456db67a177f9cc03dd62e .av-special-heading-tag{\nfont-size:0.8em;\n}\n}\n\n@media only screen and (max-width: 479px){ \n#top #wrap_all .av-special-heading.av-klc65i0f-42e858d711456db67a177f9cc03dd62e .av-special-heading-tag{\nfont-size:0.8em;\n}\n}\n<\/style>\n<div  class='av-special-heading av-klc65i0f-42e858d711456db67a177f9cc03dd62e av-special-heading-h2 custom-color-heading blockquote modern-quote modern-centered  avia-builder-el-8  el_after_av_font_icon  el_before_av_textblock  av-inherit-size'><div class='av-subheading av-subheading_above'><p>You wish to<\/p>\n<\/div><h2 class='av-special-heading-tag '  itemprop=\"headline\"  >Contact us<\/h2><div class=\"special-heading-border\"><div class=\"special-heading-inner-border\"><\/div><\/div><\/div><br \/>\n<section  class='av_textblock_section av-khqh8vxo-926081da3f6b4d01d4ea57d4020a053c '   itemscope=\"itemscope\" itemtype=\"https:\/\/schema.org\/CreativeWork\" ><div class='avia_textblock'  itemprop=\"text\" ><p style=\"text-align: center;\">Please, fill in the following form.<\/p>\n<\/div><\/section><\/p><\/div>\n<\/div><\/div>\n<style type=\"text\/css\" data-created_by=\"avia_inline_auto\" id=\"style-css-av-khopvv7e-95ae00383c413e94bd2b32059bf22825\">\n.flex_cell.av-khopvv7e-95ae00383c413e94bd2b32059bf22825{\nvertical-align:top;\n}\n.responsive #top #wrap_all .flex_cell.av-khopvv7e-95ae00383c413e94bd2b32059bf22825{\npadding:0px 0px 0px 15px !important;\n}\n<\/style>\n<div class='flex_cell av-khopvv7e-95ae00383c413e94bd2b32059bf22825 av-gridrow-cell av_three_fifth no_margin  avia-builder-el-10  el_after_av_cell_two_fifth  avia-builder-el-last  content-align-top'  ><div class='flex_cell_inner'>\n<style type=\"text\/css\" data-created_by=\"avia_inline_auto\" id=\"style-css-av-kiu2sxco-c35c75a9aeb19ca71cdf5f8fe5051a78\">\n.flex_column.av-kiu2sxco-c35c75a9aeb19ca71cdf5f8fe5051a78{\nborder-radius:0px 0px 0px 0px;\npadding:0px 0px 0px 0px;\n}\n<\/style>\n<div  class='flex_column av-kiu2sxco-c35c75a9aeb19ca71cdf5f8fe5051a78 av_one_full  avia-builder-el-11  avia-builder-el-no-sibling  first flex_column_div av-animated-generic right-to-left av-zero-column-padding  '     ><form action=\"https:\/\/www.belair-iledere.fr\/en\/contact\/\" method=\"post\" data-fields-with-error=\"Found errors in the following field(s):\" class=\"avia_ajax_form av-form-labels-hidden   avia-builder-el-12  avia-builder-el-no-sibling   \" data-avia-form-id=\"1\" data-avia-redirect='' ><fieldset><p class='  first_form  form_element form_element_half' id='element_avia_1_1'><label for=\"avia_1_1\">Name <abbr class=\"required\" title=\"required\">*<\/abbr><\/label> <input name=\"avia_1_1\" class=\"text_input is_empty\" type=\"text\" id=\"avia_1_1\" value=\"\"  placeholder='Name*'\/><\/p><p class='  form_element form_element_half' id='element_avia_2_1'><label for=\"avia_2_1\">First name <abbr class=\"required\" title=\"required\">*<\/abbr><\/label> <input name=\"avia_2_1\" class=\"text_input is_empty\" type=\"text\" id=\"avia_2_1\" value=\"\"  placeholder='First name*'\/><\/p><p class='  first_form  form_element form_element_half' id='element_avia_3_1'><label for=\"avia_3_1\">E-mail address <abbr class=\"required\" title=\"required\">*<\/abbr><\/label> <input name=\"avia_3_1\" class=\"text_input is_ext_email\" type=\"text\" id=\"avia_3_1\" value=\"\"  placeholder='E-mail address*'\/><\/p><p class='  form_element form_element_half' id='element_avia_4_1'><label for=\"avia_4_1\">Subject <abbr class=\"required\" title=\"required\">*<\/abbr><\/label> <input name=\"avia_4_1\" class=\"text_input is_empty\" type=\"text\" id=\"avia_4_1\" value=\"\"  placeholder='Subject*'\/><\/p><p class='  first_form  form_element form_fullwidth' id='element_avia_5_1'><label for=\"avia_5_1\" class=\"textare_label hidden textare_label_avia_5_1\">Message <abbr class=\"required\" title=\"required\">*<\/abbr><\/label><textarea  placeholder='Message*' name=\"avia_5_1\" class=\"text_area is_empty\" cols=\"40\" rows=\"7\" id=\"avia_5_1\" ><\/textarea><\/p><p class=\"hidden\"><input type=\"text\" name=\"avia_6_1\" class=\"hidden \" id=\"avia_6_1\" value=\"\" \/><\/p><div id='avia_7_1' class='av-recaptcha-area  first_form  form_element form_fullwidth '  data-container_class=\"\" data-custom_class=\"\" data-context=\"av_contact_form\" data-token_input=\"av_recaptcha_token\" data-version=\"avia_recaptcha_v3\" data-theme=\"light\" data-size=\"normal\" data-score=\"0.5\" data-text_to_preview=\"\" data-value=\"\"><div class=\"av-google-badge-message hidden\">This site is protected by reCAPTCHA and the Google <a href=\"https:\/\/policies.google.com\/privacy\" target=\"_blank\" rel=\"noopener noreferrer\">Privacy Policy<\/a> and <a href=\"https:\/\/policies.google.com\/terms\" target=\"_blank\" rel=\"noopener noreferrer\">Terms of Service<\/a> apply.<\/div><\/div><p class=\"form_element \"><input type=\"hidden\" value=\"1\" name=\"avia_generated_form1\" \/><input type=\"submit\" value=\"Send\" class=\"button\"  data-sending-label=\"Sending\"\/><\/p><\/fieldset><div class=\"avia-disabled-form\">This contact form is deactivated because you refused to accept Google reCaptcha service which is necessary to validate any messages sent by the form.<\/div><\/form><div id=\"ajaxresponse_1\" class=\"ajaxresponse ajaxresponse_1 hidden\"><\/div><\/div>\n<\/div><\/div>\n<\/div><\/p>\n<div id='av-layout-grid-2'  class='av-layout-grid-container av-khopw8qe-f4f365e5491b79899c376cf2ef180a91 entry-content-wrapper main_color av-flex-cells av-break-at-tablet  avia-builder-el-13  el_after_av_layout_row  avia-builder-el-last  top-bottom-15 av-cell-min-height av-cell-min-height-25 grid-row-not-first  container_wrap fullsize'   data-av_minimum_height_pc='25'>\n\n<style type=\"text\/css\" data-created_by=\"avia_inline_auto\" id=\"style-css-av-khopw1a4-e24903690d7df768cef3104c65145947\">\n.flex_cell.av-khopw1a4-e24903690d7df768cef3104c65145947{\nvertical-align:middle;\n}\n.responsive #top #wrap_all .flex_cell.av-khopw1a4-e24903690d7df768cef3104c65145947{\npadding:0px 15px 0px 0px !important;\n}\n<\/style>\n<div class='flex_cell av-khopw1a4-e24903690d7df768cef3104c65145947 av-gridrow-cell av_three_fifth no_margin  avia-builder-el-14  el_before_av_cell_two_fifth  avia-builder-el-first  content-align-middle'  ><div class='flex_cell_inner'>\n<style type=\"text\/css\" data-created_by=\"avia_inline_auto\" id=\"style-css-av-kiu2sxco-5171b0cc891a323b9f9715c0e6a4f38d\">\n.flex_column.av-kiu2sxco-5171b0cc891a323b9f9715c0e6a4f38d{\nborder-radius:0px 0px 0px 0px;\npadding:0px 0px 0px 0px;\n}\n<\/style>\n<div  class='flex_column av-kiu2sxco-5171b0cc891a323b9f9715c0e6a4f38d av_one_full  avia-builder-el-15  avia-builder-el-no-sibling  first flex_column_div av-animated-generic pop-up av-zero-column-padding  '     ><div  class='av_gmaps_sc_main_wrap av_gmaps_main_wrap '><div id='av_gmap_0' class='avia-google-map-container avia-google-map-sc av_gmaps_show_unconditionally av-no-fallback-img ' data-mapid='av_gmap_0'  style='height: 600px;'><a class=\"av_gmaps_browser_disabled av_text_confirm_link av_text_confirm_link_visible\" href=\"https:\/\/www.google.com\/maps\/search\/?api=1&#038;query=466%20Rue%20de%20Bel%20Air%2017580%20Le%20Bois-Plage-en-R\u00e9%20%20France\" target=\"_blank\">Maps were disabled by the visitor on this site. Click to open the map in a new window.<\/a><\/div><\/div><\/div>\n<\/div><\/div>\n<style type=\"text\/css\" data-created_by=\"avia_inline_auto\" id=\"style-css-av-khopvv7e-711a90de9c5ce179e57acd69e92952ea\">\n.flex_cell.av-khopvv7e-711a90de9c5ce179e57acd69e92952ea{\nvertical-align:middle;\nbackground-color:#f8f7f7;\n}\n.responsive #top #wrap_all .flex_cell.av-khopvv7e-711a90de9c5ce179e57acd69e92952ea{\npadding:60px 30px 60px 30px !important;\n}\n<\/style>\n<div class='flex_cell av-khopvv7e-711a90de9c5ce179e57acd69e92952ea av-gridrow-cell av_two_fifth no_margin  avia-builder-el-17  el_after_av_cell_three_fifth  avia-builder-el-last  content-align-middle'  ><div class='flex_cell_inner'>\n<style type=\"text\/css\" data-created_by=\"avia_inline_auto\" id=\"style-css-av-kiu2r2q5-2def427d6dc685a5bd8cdffb2f81f3aa\">\n.flex_column.av-kiu2r2q5-2def427d6dc685a5bd8cdffb2f81f3aa{\nborder-radius:0px 0px 0px 0px;\npadding:0px 0px 0px 0px;\n}\n<\/style>\n<div  class='flex_column av-kiu2r2q5-2def427d6dc685a5bd8cdffb2f81f3aa av_one_full  avia-builder-el-18  avia-builder-el-no-sibling  first flex_column_div av-animated-generic right-to-left av-zero-column-padding  '     ><p>\n<style type=\"text\/css\" data-created_by=\"avia_inline_auto\" id=\"style-css-av-khqe9abj-ce560a3890b6320abb0b199a86714626\">\n.av_font_icon.av-khqe9abj-ce560a3890b6320abb0b199a86714626{\ncolor:#c9a96a;\nborder-color:#c9a96a;\n}\n.avia-svg-icon.av-khqe9abj-ce560a3890b6320abb0b199a86714626 svg:first-child{\nstroke:#c9a96a;\nfill:#c9a96a;\n}\n.av_font_icon.av-khqe9abj-ce560a3890b6320abb0b199a86714626 .av-icon-char{\nfont-size:40px;\nline-height:40px;\n}\n<\/style>\n<span  class='av_font_icon av-khqe9abj-ce560a3890b6320abb0b199a86714626 avia_animate_when_visible av-icon-style- avia-icon-pos-center avia-iconfont avia-font-flaticon avia-icon-animate'><span class='av-icon-char' data-av_icon='\uf121' data-av_iconfont='flaticon' aria-hidden=\"true\" ><\/span><\/span><br \/>\n\n<style type=\"text\/css\" data-created_by=\"avia_inline_auto\" id=\"style-css-av-klc684g7-04c53e48bb78efbaa4e84ab7bf01a9e0\">\n#top .av-special-heading.av-klc684g7-04c53e48bb78efbaa4e84ab7bf01a9e0{\nmargin:10px 0 0 0;\npadding-bottom:20px;\nfont-size:40px;\n}\nbody .av-special-heading.av-klc684g7-04c53e48bb78efbaa4e84ab7bf01a9e0 .av-special-heading-tag .heading-char{\nfont-size:25px;\n}\n#top #wrap_all .av-special-heading.av-klc684g7-04c53e48bb78efbaa4e84ab7bf01a9e0 .av-special-heading-tag{\nfont-size:40px;\n}\n.av-special-heading.av-klc684g7-04c53e48bb78efbaa4e84ab7bf01a9e0 .av-subheading{\nfont-size:15px;\n}\n\n@media only screen and (min-width: 480px) and (max-width: 767px){ \n#top #wrap_all .av-special-heading.av-klc684g7-04c53e48bb78efbaa4e84ab7bf01a9e0 .av-special-heading-tag{\nfont-size:0.8em;\n}\n}\n\n@media only screen and (max-width: 479px){ \n#top #wrap_all .av-special-heading.av-klc684g7-04c53e48bb78efbaa4e84ab7bf01a9e0 .av-special-heading-tag{\nfont-size:0.8em;\n}\n}\n<\/style>\n<div  class='av-special-heading av-klc684g7-04c53e48bb78efbaa4e84ab7bf01a9e0 av-special-heading-h2 custom-color-heading blockquote modern-quote modern-centered  avia-builder-el-20  el_after_av_font_icon  el_before_av_textblock  av-inherit-size'><div class='av-subheading av-subheading_above'><p>You will discover<\/p>\n<\/div><h2 class='av-special-heading-tag '  itemprop=\"headline\"  >A privileged spot<\/h2><div class=\"special-heading-border\"><div class=\"special-heading-inner-border\"><\/div><\/div><\/div><br \/>\n<section  class='av_textblock_section av-khqh8vxo-926081da3f6b4d01d4ea57d4020a053c '   itemscope=\"itemscope\" itemtype=\"https:\/\/schema.org\/CreativeWork\" ><div class='avia_textblock'  itemprop=\"text\" ><p style=\"text-align: center;\">Perfectly located between Saint Martin de R\u00e9, Le Bois Plage en R\u00e9 and Gros Jonc beach, Villa Bel Air welcomes you all year long on R\u00e9 island.<\/p>\n<p style=\"text-align: center;\">466 Rue de Bel Air<br \/>\n17580 Le Bois-Plage-en-R\u00e9<br \/>\n\u00cele de R\u00e9 \u2013 France<\/p>\n<p style=\"text-align: center;\">T\u00e9l : <a href=\"tel:+33624479499\">+33 (0)6 24 47 94 99<\/a><\/p>\n<\/div><\/section><\/p><\/div>\n<\/div><\/div>\n<\/div>\n","protected":false},"excerpt":{"rendered":"","protected":false},"author":2,"featured_media":0,"parent":0,"menu_order":70,"comment_status":"closed","ping_status":"closed","template":"","meta":{"inline_featured_image":false,"footnotes":""},"class_list":["post-1576","page","type-page","status-publish","hentry"],"yoast_head":"<!-- This site is optimized with the Yoast SEO plugin v27.4 - https:\/\/yoast.com\/product\/yoast-seo-wordpress\/ -->\n<title>Contact - Maison Bel Air<\/title>\n<meta name=\"robots\" content=\"index, follow, max-snippet:-1, max-image-preview:large, max-video-preview:-1\" \/>\n<link rel=\"canonical\" href=\"https:\/\/www.belair-iledere.fr\/en\/contact\/\" \/>\n<meta property=\"og:locale\" content=\"en_US\" \/>\n<meta property=\"og:type\" content=\"article\" \/>\n<meta property=\"og:title\" content=\"Contact - Maison Bel Air\" \/>\n<meta property=\"og:url\" content=\"https:\/\/www.belair-iledere.fr\/en\/contact\/\" \/>\n<meta property=\"og:site_name\" content=\"Maison Bel Air\" \/>\n<meta property=\"article:modified_time\" content=\"2025-11-05T20:31:57+00:00\" \/>\n<meta property=\"og:image\" content=\"https:\/\/prod.belair-iledere.fr\/wp-content\/uploads\/2020\/11\/logo7-blue-3.svg\" \/>\n<meta name=\"twitter:card\" content=\"summary_large_image\" \/>\n<meta name=\"twitter:label1\" content=\"Est. reading time\" \/>\n\t<meta name=\"twitter:data1\" content=\"1 minute\" \/>\n<script type=\"application\/ld+json\" class=\"yoast-schema-graph\">{\"@context\":\"https:\\\/\\\/schema.org\",\"@graph\":[{\"@type\":\"WebPage\",\"@id\":\"https:\\\/\\\/www.belair-iledere.fr\\\/en\\\/contact\\\/\",\"url\":\"https:\\\/\\\/www.belair-iledere.fr\\\/en\\\/contact\\\/\",\"name\":\"Contact - Maison Bel Air\",\"isPartOf\":{\"@id\":\"https:\\\/\\\/www.belair-iledere.fr\\\/en\\\/#website\"},\"primaryImageOfPage\":{\"@id\":\"https:\\\/\\\/www.belair-iledere.fr\\\/en\\\/contact\\\/#primaryimage\"},\"image\":{\"@id\":\"https:\\\/\\\/www.belair-iledere.fr\\\/en\\\/contact\\\/#primaryimage\"},\"thumbnailUrl\":\"https:\\\/\\\/prod.belair-iledere.fr\\\/wp-content\\\/uploads\\\/2020\\\/11\\\/logo7-blue-3.svg\",\"datePublished\":\"2020-11-18T14:39:44+00:00\",\"dateModified\":\"2025-11-05T20:31:57+00:00\",\"breadcrumb\":{\"@id\":\"https:\\\/\\\/www.belair-iledere.fr\\\/en\\\/contact\\\/#breadcrumb\"},\"inLanguage\":\"en-US\",\"potentialAction\":[{\"@type\":\"ReadAction\",\"target\":[\"https:\\\/\\\/www.belair-iledere.fr\\\/en\\\/contact\\\/\"]}]},{\"@type\":\"ImageObject\",\"inLanguage\":\"en-US\",\"@id\":\"https:\\\/\\\/www.belair-iledere.fr\\\/en\\\/contact\\\/#primaryimage\",\"url\":\"https:\\\/\\\/prod.belair-iledere.fr\\\/wp-content\\\/uploads\\\/2020\\\/11\\\/logo7-blue-3.svg\",\"contentUrl\":\"https:\\\/\\\/prod.belair-iledere.fr\\\/wp-content\\\/uploads\\\/2020\\\/11\\\/logo7-blue-3.svg\"},{\"@type\":\"BreadcrumbList\",\"@id\":\"https:\\\/\\\/www.belair-iledere.fr\\\/en\\\/contact\\\/#breadcrumb\",\"itemListElement\":[{\"@type\":\"ListItem\",\"position\":1,\"name\":\"Accueil\",\"item\":\"https:\\\/\\\/www.belair-iledere.fr\\\/en\\\/home\\\/\"},{\"@type\":\"ListItem\",\"position\":2,\"name\":\"Contact\"}]},{\"@type\":\"WebSite\",\"@id\":\"https:\\\/\\\/www.belair-iledere.fr\\\/en\\\/#website\",\"url\":\"https:\\\/\\\/www.belair-iledere.fr\\\/en\\\/\",\"name\":\"Maison Bel Air\",\"description\":\"Un site utilisant WordPress\",\"potentialAction\":[{\"@type\":\"SearchAction\",\"target\":{\"@type\":\"EntryPoint\",\"urlTemplate\":\"https:\\\/\\\/www.belair-iledere.fr\\\/en\\\/?s={search_term_string}\"},\"query-input\":{\"@type\":\"PropertyValueSpecification\",\"valueRequired\":true,\"valueName\":\"search_term_string\"}}],\"inLanguage\":\"en-US\"}]}<\/script>\n<!-- \/ Yoast SEO plugin. -->","yoast_head_json":{"title":"Contact - Maison Bel Air","robots":{"index":"index","follow":"follow","max-snippet":"max-snippet:-1","max-image-preview":"max-image-preview:large","max-video-preview":"max-video-preview:-1"},"canonical":"https:\/\/www.belair-iledere.fr\/en\/contact\/","og_locale":"en_US","og_type":"article","og_title":"Contact - Maison Bel Air","og_url":"https:\/\/www.belair-iledere.fr\/en\/contact\/","og_site_name":"Maison Bel Air","article_modified_time":"2025-11-05T20:31:57+00:00","og_image":[{"url":"https:\/\/prod.belair-iledere.fr\/wp-content\/uploads\/2020\/11\/logo7-blue-3.svg","type":"","width":"","height":""}],"twitter_card":"summary_large_image","twitter_misc":{"Est. reading time":"1 minute"},"schema":{"@context":"https:\/\/schema.org","@graph":[{"@type":"WebPage","@id":"https:\/\/www.belair-iledere.fr\/en\/contact\/","url":"https:\/\/www.belair-iledere.fr\/en\/contact\/","name":"Contact - Maison Bel Air","isPartOf":{"@id":"https:\/\/www.belair-iledere.fr\/en\/#website"},"primaryImageOfPage":{"@id":"https:\/\/www.belair-iledere.fr\/en\/contact\/#primaryimage"},"image":{"@id":"https:\/\/www.belair-iledere.fr\/en\/contact\/#primaryimage"},"thumbnailUrl":"https:\/\/prod.belair-iledere.fr\/wp-content\/uploads\/2020\/11\/logo7-blue-3.svg","datePublished":"2020-11-18T14:39:44+00:00","dateModified":"2025-11-05T20:31:57+00:00","breadcrumb":{"@id":"https:\/\/www.belair-iledere.fr\/en\/contact\/#breadcrumb"},"inLanguage":"en-US","potentialAction":[{"@type":"ReadAction","target":["https:\/\/www.belair-iledere.fr\/en\/contact\/"]}]},{"@type":"ImageObject","inLanguage":"en-US","@id":"https:\/\/www.belair-iledere.fr\/en\/contact\/#primaryimage","url":"https:\/\/prod.belair-iledere.fr\/wp-content\/uploads\/2020\/11\/logo7-blue-3.svg","contentUrl":"https:\/\/prod.belair-iledere.fr\/wp-content\/uploads\/2020\/11\/logo7-blue-3.svg"},{"@type":"BreadcrumbList","@id":"https:\/\/www.belair-iledere.fr\/en\/contact\/#breadcrumb","itemListElement":[{"@type":"ListItem","position":1,"name":"Accueil","item":"https:\/\/www.belair-iledere.fr\/en\/home\/"},{"@type":"ListItem","position":2,"name":"Contact"}]},{"@type":"WebSite","@id":"https:\/\/www.belair-iledere.fr\/en\/#website","url":"https:\/\/www.belair-iledere.fr\/en\/","name":"Maison Bel Air","description":"Un site utilisant WordPress","potentialAction":[{"@type":"SearchAction","target":{"@type":"EntryPoint","urlTemplate":"https:\/\/www.belair-iledere.fr\/en\/?s={search_term_string}"},"query-input":{"@type":"PropertyValueSpecification","valueRequired":true,"valueName":"search_term_string"}}],"inLanguage":"en-US"}]}},"_links":{"self":[{"href":"https:\/\/www.belair-iledere.fr\/en\/wp-json\/wp\/v2\/pages\/1576","targetHints":{"allow":["GET"]}}],"collection":[{"href":"https:\/\/www.belair-iledere.fr\/en\/wp-json\/wp\/v2\/pages"}],"about":[{"href":"https:\/\/www.belair-iledere.fr\/en\/wp-json\/wp\/v2\/types\/page"}],"author":[{"embeddable":true,"href":"https:\/\/www.belair-iledere.fr\/en\/wp-json\/wp\/v2\/users\/2"}],"replies":[{"embeddable":true,"href":"https:\/\/www.belair-iledere.fr\/en\/wp-json\/wp\/v2\/comments?post=1576"}],"version-history":[{"count":5,"href":"https:\/\/www.belair-iledere.fr\/en\/wp-json\/wp\/v2\/pages\/1576\/revisions"}],"predecessor-version":[{"id":2244,"href":"https:\/\/www.belair-iledere.fr\/en\/wp-json\/wp\/v2\/pages\/1576\/revisions\/2244"}],"wp:attachment":[{"href":"https:\/\/www.belair-iledere.fr\/en\/wp-json\/wp\/v2\/media?parent=1576"}],"curies":[{"name":"wp","href":"https:\/\/api.w.org\/{rel}","templated":true}]}}